{"id":129,"date":"2025-02-06T13:38:36","date_gmt":"2025-02-06T12:38:36","guid":{"rendered":"https:\/\/impresscase.com\/?page_id=129"},"modified":"2026-02-17T13:21:00","modified_gmt":"2026-02-17T12:21:00","slug":"transportkosten","status":"publish","type":"page","link":"https:\/\/impresscase.com\/de\/transportkosten\/","title":{"rendered":"Kosten f\u00fcr den Versand"},"content":{"rendered":"<div data-elementor-type=\"wp-page\" data-elementor-id=\"129\" class=\"elementor elementor-129\" data-elementor-post-type=\"page\">\n\t\t\t\t<div class=\"elementor-element elementor-element-9ff2d8c e-flex e-con-boxed e-con e-parent\" data-id=\"9ff2d8c\" data-element_type=\"container\" data-e-type=\"container\">\n\t\t\t\t\t<div class=\"e-con-inner\">\n\t\t<div class=\"elementor-element elementor-element-f060cea e-con-full e-flex e-con e-child\" data-id=\"f060cea\" data-element_type=\"container\" data-e-type=\"container\">\n\t\t\t\t<div class=\"elementor-element elementor-element-ce9668f elementor-widget elementor-widget-heading\" data-id=\"ce9668f\" data-element_type=\"widget\" data-e-type=\"widget\" data-widget_type=\"heading.default\">\n\t\t\t\t\t<h1 class=\"elementor-heading-title elementor-size-default\">Kosten f\u00fcr den Versand <\/h1>\t\t\t\t<\/div>\n\t\t\t\t<div class=\"elementor-element elementor-element-24362bf elementor-widget-divider--view-line elementor-widget elementor-widget-divider\" data-id=\"24362bf\" data-element_type=\"widget\" data-e-type=\"widget\" data-widget_type=\"divider.default\">\n\t\t\t\t\t\t\t<div class=\"elementor-divider\">\n\t\t\t<span class=\"elementor-divider-separator\">\n\t\t\t\t\t\t<\/span>\n\t\t<\/div>\n\t\t\t\t\t\t<\/div>\n\t\t<div class=\"elementor-element elementor-element-c0395f8 e-con-full e-flex e-con e-child\" data-id=\"c0395f8\" data-element_type=\"container\" data-e-type=\"container\">\n\t\t<div class=\"elementor-element elementor-element-27cba49 e-con-full e-flex e-con e-child\" data-id=\"27cba49\" data-element_type=\"container\" data-e-type=\"container\">\n\t\t\t\t<div class=\"elementor-element elementor-element-6fbe9a7 elementor-widget elementor-widget-text-editor\" data-id=\"6fbe9a7\" data-element_type=\"widget\" data-e-type=\"widget\" data-widget_type=\"text-editor.default\">\n\t\t\t\t\t\t\t\t\t<h2 class=\"p1\">Bearbeitungszeit der Bestellung<b><\/b><\/h2><p class=\"p3\">Wir versenden Pakete innerhalb von 5 Werktagen ab dem Zeitpunkt, an dem die Bestellung aufgegeben und bezahlt wurde. Dies ist die maximale Zeit, die ben\u00f6tigt wird, um das Paket vorzubereiten und es dem Kurier zu \u00fcbergeben. Wenn eines der Produkte fr\u00fcher versendet werden kann, kann es separat versendet werden, was bedeutet, dass der Kunde mehrere Pakete f\u00fcr eine einzige Bestellung erhalten kann.<\/p><h2>Kurierdienst - KOSTENLOSER VERSAND<\/h2>\t\t\t\t\t\t\t\t<\/div>\n\t\t\t\t<\/div>\n\t\t\t\t<\/div>\n\t\t\t\t<\/div>\n\t\t\t\t\t<\/div>\n\t\t\t\t<\/div>\n\t\t\t\t<\/div>","protected":false},"excerpt":{"rendered":"<p>Shipping Costs Order Processing Time We ship packages within 5 business days from the moment the order is placed and paid for. This is the maximum time required to prepare the package and hand it over to the courier. If any of the products can be shipped earlier, they may be sent separately, which means [&hellip;]<\/p>\n","protected":false},"author":1,"featured_media":0,"parent":0,"menu_order":0,"comment_status":"closed","ping_status":"closed","template":"","meta":{"_acf_changed":false,"footnotes":""},"class_list":["post-129","page","type-page","status-publish","hentry"],"acf":[],"_links":{"self":[{"href":"https:\/\/impresscase.com\/de\/wp-json\/wp\/v2\/pages\/129","targetHints":{"allow":["GET"]}}],"collection":[{"href":"https:\/\/impresscase.com\/de\/wp-json\/wp\/v2\/pages"}],"about":[{"href":"https:\/\/impresscase.com\/de\/wp-json\/wp\/v2\/types\/page"}],"author":[{"embeddable":true,"href":"https:\/\/impresscase.com\/de\/wp-json\/wp\/v2\/users\/1"}],"replies":[{"embeddable":true,"href":"https:\/\/impresscase.com\/de\/wp-json\/wp\/v2\/comments?post=129"}],"version-history":[{"count":15,"href":"https:\/\/impresscase.com\/de\/wp-json\/wp\/v2\/pages\/129\/revisions"}],"predecessor-version":[{"id":11073,"href":"https:\/\/impresscase.com\/de\/wp-json\/wp\/v2\/pages\/129\/revisions\/11073"}],"wp:attachment":[{"href":"https:\/\/impresscase.com\/de\/wp-json\/wp\/v2\/media?parent=129"}],"curies":[{"name":"wp","href":"https:\/\/api.w.org\/{rel}","templated":true}]}}