{"id":10208,"date":"2026-02-16T18:40:49","date_gmt":"2026-02-16T17:40:49","guid":{"rendered":"https:\/\/impresscase.com\/?post_type=product&#038;p=10208"},"modified":"2026-02-16T18:40:50","modified_gmt":"2026-02-16T17:40:50","slug":"apple-watch-ultra-series-3-2-1-milanese-strap-49mm-black","status":"publish","type":"product","link":"https:\/\/impresscase.com\/de\/produkt-2\/apple-watch-ultra-series-3-2-1-milanese-strap-49mm-black\/","title":{"rendered":"Apple Watch Ultra Series 3\/2\/1 Milanese Strap 49mm &#8211; Black"},"content":{"rendered":"<h2>Apple Watch Ultra Series 3\/2\/1 Milanese Strap 49mm &#8211; Black<\/h2>\n<h2 data-start=\"0\" data-end=\"60\">ImpressBand &#8211; Class and Style for Your Apple Watch<\/h2>\n<h2 data-start=\"61\" data-end=\"94\">Zeitlose Eleganz<\/h2>\n<p data-start=\"95\" data-end=\"451\"><strong>ImpressBand<\/strong> ist ein Statement f\u00fcr minimalistisches Design und zeitlose Raffinesse. Das Armband pr\u00e4sentiert einen eleganten und modernen Look, der jeden Stil perfekt erg\u00e4nzt - ob sportlich oder formell. Es ist die richtige Wahl f\u00fcr alle, die Wert auf einen unverwechselbaren Charakter, Diskretion und ein professionelles Erscheinungsbild legen.<\/p>\n<h2 data-start=\"452\" data-end=\"502\">Kompatibilit\u00e4t mit mehreren Apple Watch Modellen<\/h2>\n<p data-start=\"503\" data-end=\"784\">Das ImpressBand ist f\u00fcr die volle Kompatibilit\u00e4t mit einer Vielzahl von Apple Watch-Modellen ausgelegt, darunter:<br data-start=\"649\" data-end=\"652\" \/>&#8211; Apple Watch <strong data-start=\"666\" data-end=\"678\">Baureihe 10<\/strong> (42mm und 46mm)<br data-start=\"691\" data-end=\"694\" \/>&#8211; Apple Watch <strong data-start=\"708\" data-end=\"717\">Ultra<\/strong> (49mm)<br data-start=\"724\" data-end=\"727\" \/>&#8211; Apple Watch <strong data-start=\"741\" data-end=\"771\">Serien 9, 8, 7, 6, 5, 4, 3<\/strong><br data-start=\"771\" data-end=\"774\" \/>&#8211; Apple Watch <strong data-start=\"788\" data-end=\"794\">SE<\/strong><\/p>\n<p data-start=\"795\" data-end=\"913\"><strong>Verf\u00fcgbare Gurtgr\u00f6\u00dfen:<\/strong><br data-start=\"826\" data-end=\"829\" \/>&#8211; 38mm \/ 40mm \/ 41mm<br data-start=\"849\" data-end=\"852\" \/>&#8211; 42mm \/ 44mm \/ 45mm<br data-start=\"872\" data-end=\"875\" \/>&#8211; Ultra 49mm<br data-start=\"887\" data-end=\"890\" \/>&#8211; Series 10\/11: 42mm and 46mm<\/p>\n<h2 data-start=\"914\" data-end=\"954\">Langlebigkeit und ganzt\u00e4giger Komfort<\/h2>\n<p data-start=\"955\" data-end=\"1248\"><strong>Hochwertige Materialien<\/strong> Die f\u00fcr das ImpressBand verwendeten Materialien sorgen nicht nur f\u00fcr ein elegantes Aussehen, sondern auch f\u00fcr eine au\u00dfergew\u00f6hnliche Haltbarkeit. Das Band h\u00e4lt dem t\u00e4glichen Verschlei\u00df stand, ist aber dennoch hautfreundlich und bietet stundenlangen Tragekomfort, ohne zu spannen oder unangenehm zu sein.<\/p>\n<h2 data-start=\"1249\" data-end=\"1299\">Magnetischer Verschluss - Pr\u00e4zise Passform<\/h2>\n<p data-start=\"1300\" data-end=\"1627\">Mit dem eingebauten Magnetverschluss erm\u00f6glicht das ImpressBand eine schnelle, reibungslose und pr\u00e4zise Anpassung an jedes Handgelenk. Dieses System gew\u00e4hrleistet Stabilit\u00e4t und Sicherheit und erm\u00f6glicht eine m\u00fchelose Regulierung. <strong>keine zus\u00e4tzlichen Schnallen oder L\u00f6cher erforderlich<\/strong>. Eine einzige Bewegung gen\u00fcgt, damit das Armband perfekt sitzt.<\/p>\n<h2 data-start=\"1628\" data-end=\"1662\">Eine stilvolle Wahl f\u00fcr jede Gelegenheit<\/h2>\n<p data-start=\"1663\" data-end=\"1923\">Das ImpressBand ist mit fast allen Geh\u00e4usetypen der Apple Watch kompatibel - Aluminium, Edelstahl und Titan gleicherma\u00dfen. Es ist eine vielseitige Option f\u00fcr diejenigen, die erwarten <strong>Eleganz, Funktionalit\u00e4t und Zuverl\u00e4ssigkeit in einem einzigen Produkt<\/strong>.<\/p>","protected":false},"excerpt":{"rendered":"<p><strong>Apple Watch Ultra Series 3\/2\/1 Milanese Strap 49mm &#8211; Black<\/strong> <\/p>\n<p>Das ImpressBand verbindet minimalistisches Design mit Eleganz und Komfort. Es ist aus hochwertigen Materialien gefertigt und garantiert Langlebigkeit und ganzt\u00e4gigen Tragekomfort. Der Magnetverschluss erm\u00f6glicht eine schnelle und pr\u00e4zise Anpassung an Ihr Handgelenk, w\u00e4hrend der vielseitige Stil das Band mit jedem Apple Watch Modell kompatibel macht.<\/p>","protected":false},"featured_media":9225,"comment_status":"closed","ping_status":"closed","template":"","meta":{"_acf_changed":false},"product_brand":[],"product_cat":[572,567,81],"product_tag":[],"class_list":{"0":"post-10208","1":"product","2":"type-product","3":"status-publish","4":"has-post-thumbnail","6":"product_cat-apple-watch-ultra-2-1-strap-49-mm","7":"product_cat-apple-watch-ultra-3-strap-49-mm","8":"product_cat-smartwatch-straps","9":"pa_color-black","10":"pa_fits-the-apple-watch-case-ultra-series-3-2-1-49mm","11":"pa_model-impressband-apple-watch","13":"first","14":"instock","15":"sale","16":"taxable","17":"shipping-taxable","18":"purchasable","19":"product-type-simple"},"acf":[],"_links":{"self":[{"href":"https:\/\/impresscase.com\/de\/wp-json\/wp\/v2\/product\/10208","targetHints":{"allow":["GET"]}}],"collection":[{"href":"https:\/\/impresscase.com\/de\/wp-json\/wp\/v2\/product"}],"about":[{"href":"https:\/\/impresscase.com\/de\/wp-json\/wp\/v2\/types\/product"}],"replies":[{"embeddable":true,"href":"https:\/\/impresscase.com\/de\/wp-json\/wp\/v2\/comments?post=10208"}],"wp:featuredmedia":[{"embeddable":true,"href":"https:\/\/impresscase.com\/de\/wp-json\/wp\/v2\/media\/9225"}],"wp:attachment":[{"href":"https:\/\/impresscase.com\/de\/wp-json\/wp\/v2\/media?parent=10208"}],"wp:term":[{"taxonomy":"product_brand","embeddable":true,"href":"https:\/\/impresscase.com\/de\/wp-json\/wp\/v2\/product_brand?post=10208"},{"taxonomy":"product_cat","embeddable":true,"href":"https:\/\/impresscase.com\/de\/wp-json\/wp\/v2\/product_cat?post=10208"},{"taxonomy":"product_tag","embeddable":true,"href":"https:\/\/impresscase.com\/de\/wp-json\/wp\/v2\/product_tag?post=10208"}],"curies":[{"name":"wp","href":"https:\/\/api.w.org\/{rel}","templated":true}]}}