{"id":10331,"date":"2026-02-16T18:40:58","date_gmt":"2026-02-16T17:40:58","guid":{"rendered":"https:\/\/impresscase.com\/?post_type=product&#038;p=10331"},"modified":"2026-02-16T18:40:59","modified_gmt":"2026-02-16T17:40:59","slug":"iphone-15-pro-impresscase-mattes-gehause-lila","status":"publish","type":"product","link":"https:\/\/impresscase.com\/de\/produkt-2\/iphone-15-pro-impresscase-mattes-gehause-lila\/","title":{"rendered":"iPhone 15 Pro ImpressCase Mattes Geh\u00e4use - Lila"},"content":{"rendered":"<h2>iPhone 15 Pro ImpressCase Mattes Geh\u00e4use - Lila<\/h2>\n<h2>Klassische iPhone-Tasche - Eleganz und Funktionalit\u00e4t vom Feinsten<\/h2>\n<p data-start=\"574\" data-end=\"1028\">Das ImpressCase ist die perfekte L\u00f6sung f\u00fcr alle, die Wert auf <strong>Vielseitigkeit und zeitloses Design<\/strong>. Diese H\u00fclle sch\u00fctzt Ihr iPhone nicht nur, sondern verleiht ihm auch Klasse und Stil und eignet sich f\u00fcr jede Situation - von formellen Gesch\u00e4ftstreffen \u00fcber den t\u00e4glichen Gebrauch bis hin zu abendlichen Ausfl\u00fcgen. Sie unterstreicht Eleganz und Professionalit\u00e4t und bleibt gleichzeitig ein subtiles und universelles Accessoire.<\/p>\n<p data-start=\"1030\" data-end=\"1542\">Diese iPhone-H\u00fclle ist aus <strong>hochwertige, langlebige Materialien<\/strong> die ausgezeichneten Schutz vor Kratzern, St\u00f6\u00dfen und Schmutz bieten und gleichzeitig vergilbungsbest\u00e4ndig sind. Ihr ImpressCase beh\u00e4lt sein makelloses Aussehen auch bei h\u00e4ufigem Gebrauch. Das schlanke und leichte Design erm\u00f6glicht eine bequeme Handhabung ohne zus\u00e4tzliches Gewicht, ideal f\u00fcr alle, die einen minimalistischen Look und Komfort sch\u00e4tzen.<\/p>\n<h2 data-start=\"1030\" data-end=\"1542\">Eine iPhone-H\u00fclle, die Schutz mit fortschrittlicher MagSafe-Technologie kombiniert<\/h2>\n<p data-start=\"1615\" data-end=\"2043\">Das ImpressCase ist vollst\u00e4ndig kompatibel mit <strong>MagSafe<\/strong> Technologie. Dies erm\u00f6glicht die nahtlose Nutzung von drahtlosem Laden und MagSafe-Zubeh\u00f6r und erleichtert die t\u00e4gliche Nutzung des iPhone. Die integrierte, abnehmbare Kameraabdeckung sch\u00fctzt das Objektiv vor Besch\u00e4digungen und Kratzern und kann bei Bedarf einfach entfernt werden, ohne die \u00c4sthetik oder Funktionalit\u00e4t zu beeintr\u00e4chtigen.<\/p>\n<p data-start=\"2045\" data-end=\"2398\">Dar\u00fcber hinaus ist der Koffer konzipiert f\u00fcr <strong>einfacher Zugang zu allen Anschl\u00fcssen und Tasten<\/strong>, So k\u00f6nnen Sie Ihr iPhone bequem benutzen, ohne die H\u00fclle abnehmen zu m\u00fcssen. Wenn Sie auf der Suche nach einer Tasche sind, die Ihr iPhone nicht nur effektiv sch\u00fctzt, sondern auch Ihre Professionalit\u00e4t und Ihren Stil unterstreicht, ist die ImpressCase die richtige Wahl.<\/p>","protected":false},"excerpt":{"rendered":"<p><strong>iPhone 15 Pro ImpressCase Mattes Geh\u00e4use - Lila<\/strong> <\/p>\n<p>Das matte ImpressCase f\u00fcr das iPhone kombiniert Eleganz mit zuverl\u00e4ssigem Schutz. Es sch\u00fctzt Ihr Telefon vor Kratzern und St\u00f6\u00dfen, beh\u00e4lt dabei ein schlankes Profil bei, ist bequem f\u00fcr den t\u00e4glichen Gebrauch und ist mit MagSafe kompatibel.<\/p>","protected":false},"featured_media":9356,"comment_status":"closed","ping_status":"closed","template":"","meta":{"_acf_changed":false},"product_brand":[],"product_cat":[557,52],"product_tag":[],"class_list":{"0":"post-10331","1":"product","2":"type-product","3":"status-publish","4":"has-post-thumbnail","6":"product_cat-iphone-15-pro-case","7":"product_cat-iphone-case","8":"pa_color-purple","9":"pa_iphone-model-iphone-15-pro","10":"pa_model-impresscase","12":"first","13":"instock","14":"taxable","15":"shipping-taxable","16":"purchasable","17":"product-type-simple"},"acf":[],"_links":{"self":[{"href":"https:\/\/impresscase.com\/de\/wp-json\/wp\/v2\/product\/10331","targetHints":{"allow":["GET"]}}],"collection":[{"href":"https:\/\/impresscase.com\/de\/wp-json\/wp\/v2\/product"}],"about":[{"href":"https:\/\/impresscase.com\/de\/wp-json\/wp\/v2\/types\/product"}],"replies":[{"embeddable":true,"href":"https:\/\/impresscase.com\/de\/wp-json\/wp\/v2\/comments?post=10331"}],"wp:featuredmedia":[{"embeddable":true,"href":"https:\/\/impresscase.com\/de\/wp-json\/wp\/v2\/media\/9356"}],"wp:attachment":[{"href":"https:\/\/impresscase.com\/de\/wp-json\/wp\/v2\/media?parent=10331"}],"wp:term":[{"taxonomy":"product_brand","embeddable":true,"href":"https:\/\/impresscase.com\/de\/wp-json\/wp\/v2\/product_brand?post=10331"},{"taxonomy":"product_cat","embeddable":true,"href":"https:\/\/impresscase.com\/de\/wp-json\/wp\/v2\/product_cat?post=10331"},{"taxonomy":"product_tag","embeddable":true,"href":"https:\/\/impresscase.com\/de\/wp-json\/wp\/v2\/product_tag?post=10331"}],"curies":[{"name":"wp","href":"https:\/\/api.w.org\/{rel}","templated":true}]}}