{"id":10572,"date":"2026-02-16T18:41:16","date_gmt":"2026-02-16T17:41:16","guid":{"rendered":"https:\/\/impresscase.com\/?post_type=product&#038;p=10572"},"modified":"2026-02-16T18:41:17","modified_gmt":"2026-02-16T17:41:17","slug":"apple-watch-ultra-series-3-2-1-silicone-band-49mm-cocoa-brown","status":"publish","type":"product","link":"https:\/\/impresscase.com\/de\/produkt-2\/apple-watch-ultra-series-3-2-1-silicone-band-49mm-cocoa-brown\/","title":{"rendered":"Apple Watch Ultra Series 3\/2\/1 Silicone Band 49mm &#8211; Cocoa Brown"},"content":{"rendered":"<h2>Apple Watch Ultra Series 3\/2\/1 Silicone Band 49mm &#8211; Cocoa Brown<\/h2>\n<h2>ImpressBand - Silikonarmband f\u00fcr Apple Watch<\/h2>\n<h2>Modernes Design und allt\u00e4glicher Komfort<\/h2>\n<p><strong>ImpressBand<\/strong> ist ein Silikonarmband f\u00fcr Apple Watch Nutzer, die Komfort, Funktionalit\u00e4t und einen vielseitigen Stil sch\u00e4tzen. Durch sein minimalistisches Design passt es sowohl zu Alltagsoutfits als auch zu eleganteren Ensembles. Eine ideale Wahl f\u00fcr alle, die Komfort und Haltbarkeit f\u00fcr den t\u00e4glichen Gebrauch suchen.<\/p>\n<h2>Kompatibilit\u00e4t mit Apple Watch<\/h2>\n<p>Das ImpressBand-Armband ist mit einer Vielzahl von Apple Watch-Modellen kompatibel, darunter:<\/p>\n<p>\n&#8211; Apple Watch Series 10\/11\/11 (42mm and 46mm)<br \/>\n&#8211; Apple Watch Ultra (49mm)<br \/>\n&#8211; Apple Watch Series 9, 8, 7, 6, 5, 4, 3<br \/>\n&#8211; Apple Watch SE\n<\/p>\n<h2>Verf\u00fcgbare Riemengr\u00f6\u00dfen<\/h2>\n<p>Das Armband ist in verschiedenen Breiten erh\u00e4ltlich, um eine perfekte Passform f\u00fcr Ihr Uhrengeh\u00e4use zu gew\u00e4hrleisten:<\/p>\n<p>\n&#8211; 38mm \/ 40mm \/ 41mm<br \/>\n&#8211; 42mm \/ 44mm \/ 45mm<br \/>\n&#8211; Ultra 49mm<br \/>\n&#8211; Series 10\/11: 42mm and 46mm\n<\/p>\n<h2>Perfekte Passform f\u00fcr Ihr Handgelenk<\/h2>\n<p>Um maximalen Tragekomfort zu gew\u00e4hrleisten, ist das ImpressBand in verschiedenen Gr\u00f6\u00dfen erh\u00e4ltlich:<\/p>\n<p>\n<strong>M\/L<\/strong> - f\u00fcr Handgelenke mit einem Umfang von 150 bis 200 mm\n<\/p>\n<h2>Hochwertiges Silikon - Langlebigkeit und Komfort<\/h2>\n<p>Das Armband besteht aus weichem, flexiblem Silikon, das hautfreundlich und widerstandsf\u00e4hig ist und t\u00e4glich getragen werden kann. Das Material verursacht keine Hautreizungen und ist feuchtigkeits- und schwei\u00dfbest\u00e4ndig, sodass es sich f\u00fcr Arbeit und k\u00f6rperliche Aktivit\u00e4ten eignet. Seine flexible Konstruktion sorgt auch bei l\u00e4ngerem Tragen f\u00fcr Komfort.<\/p>\n<h2>Klassische Schnalle und sicherer Sitz<\/h2>\n<p>Das ImpressBand verf\u00fcgt \u00fcber eine klassische verstellbare Schnalle, die eine schnelle und sichere Anpassung an das Handgelenk erm\u00f6glicht. Das Band bleibt bei Bewegung an seinem Platz und bietet den ganzen Tag \u00fcber Stabilit\u00e4t.<\/p>\n<h2>Vielseitige Wahl f\u00fcr jede Gelegenheit<\/h2>\n<p>Das Silikonarmband ImpressBand ist ein praktisches und stilvolles Accessoire, das sich f\u00fcr jede Situation eignet - im Alltag, beim Training, auf Reisen oder bei der Arbeit. Es kombiniert Komfort, Haltbarkeit und modernes Design.<\/p>\n<p><strong>W\u00e4hlen Sie ImpressBand und passen Sie Ihre Apple Watch an Ihren Stil und Ihre t\u00e4glichen Bed\u00fcrfnisse an.<\/strong><\/p>","protected":false},"excerpt":{"rendered":"<p><strong>Apple Watch Ultra Series 3\/2\/1 Silicone Band 49mm &#8211; Cocoa Brown<\/strong> <\/p>\n<p>Das ImpressBand Silikonarmband f\u00fcr die Apple Watch vereint modernes Design, Komfort und Funktionalit\u00e4t. Das weiche, flexible Silikon ist hautfreundlich und bietet ganzt\u00e4gigen Tragekomfort, auch bei intensiver Aktivit\u00e4t.<\/p>","protected":false},"featured_media":10594,"comment_status":"open","ping_status":"closed","template":"","meta":{"_acf_changed":false},"product_brand":[],"product_cat":[572,567,81],"product_tag":[],"class_list":{"0":"post-10572","1":"product","2":"type-product","3":"status-publish","4":"has-post-thumbnail","6":"product_cat-apple-watch-ultra-2-1-strap-49-mm","7":"product_cat-apple-watch-ultra-3-strap-49-mm","8":"product_cat-smartwatch-straps","9":"pa_color-cocoa-brown","10":"pa_fits-the-apple-watch-case-ultra-series-3-2-1-49mm","11":"pa_model-silicone-impressband-apple-watch","13":"first","14":"instock","15":"taxable","16":"shipping-taxable","17":"purchasable","18":"product-type-simple"},"acf":[],"_links":{"self":[{"href":"https:\/\/impresscase.com\/de\/wp-json\/wp\/v2\/product\/10572","targetHints":{"allow":["GET"]}}],"collection":[{"href":"https:\/\/impresscase.com\/de\/wp-json\/wp\/v2\/product"}],"about":[{"href":"https:\/\/impresscase.com\/de\/wp-json\/wp\/v2\/types\/product"}],"replies":[{"embeddable":true,"href":"https:\/\/impresscase.com\/de\/wp-json\/wp\/v2\/comments?post=10572"}],"wp:featuredmedia":[{"embeddable":true,"href":"https:\/\/impresscase.com\/de\/wp-json\/wp\/v2\/media\/10594"}],"wp:attachment":[{"href":"https:\/\/impresscase.com\/de\/wp-json\/wp\/v2\/media?parent=10572"}],"wp:term":[{"taxonomy":"product_brand","embeddable":true,"href":"https:\/\/impresscase.com\/de\/wp-json\/wp\/v2\/product_brand?post=10572"},{"taxonomy":"product_cat","embeddable":true,"href":"https:\/\/impresscase.com\/de\/wp-json\/wp\/v2\/product_cat?post=10572"},{"taxonomy":"product_tag","embeddable":true,"href":"https:\/\/impresscase.com\/de\/wp-json\/wp\/v2\/product_tag?post=10572"}],"curies":[{"name":"wp","href":"https:\/\/api.w.org\/{rel}","templated":true}]}}