{"id":10675,"date":"2026-02-16T18:41:24","date_gmt":"2026-02-16T17:41:24","guid":{"rendered":"https:\/\/impresscase.com\/?post_type=product&#038;p=10675"},"modified":"2026-02-16T18:41:25","modified_gmt":"2026-02-16T17:41:25","slug":"apple-watch-ultra-series-3-2-1-silicone-band-49mm-deep-purple","status":"publish","type":"product","link":"https:\/\/impresscase.com\/fr\/produit\/apple-watch-ultra-series-3-2-1-silicone-band-49mm-deep-purple\/","title":{"rendered":"Apple Watch Ultra Series 3\/2\/1 Silicone Band 49mm &#8211; Deep Purple"},"content":{"rendered":"<h2>Apple Watch Ultra Series 3\/2\/1 Silicone Band 49mm &#8211; Deep Purple<\/h2>\n<h2>ImpressBand - Bracelet en silicone pour Apple Watch<\/h2>\n<h2>Design moderne et confort quotidien<\/h2>\n<p><strong>Bandeau d'impression<\/strong> est un bracelet en silicone con\u00e7u pour les utilisateurs de l'Apple Watch qui appr\u00e9cient le confort, la fonctionnalit\u00e9 et le style polyvalent. Son design minimaliste lui permet de s'adapter aussi bien aux tenues de tous les jours qu'aux ensembles plus \u00e9l\u00e9gants. Un choix id\u00e9al pour ceux qui recherchent le confort et la durabilit\u00e9 pour un usage quotidien.<\/p>\n<h2>Compatibilit\u00e9 avec l'Apple Watch<\/h2>\n<p>Le bracelet ImpressBand est compatible avec une large gamme de mod\u00e8les d'Apple Watch, y compris :<\/p>\n<p>\n&#8211; Apple Watch Series 10\/11\/11 (42mm and 46mm)<br \/>\n&#8211; Apple Watch Ultra (49mm)<br \/>\n&#8211; Apple Watch Series 9, 8, 7, 6, 5, 4, 3<br \/>\n&#8211; Apple Watch SE\n<\/p>\n<h2>Tailles de sangles disponibles<\/h2>\n<p>Le bracelet est disponible en plusieurs largeurs afin de s'adapter parfaitement au bo\u00eetier de votre montre :<\/p>\n<p>\n&#8211; 38mm \/ 40mm \/ 41mm<br \/>\n&#8211; 42mm \/ 44mm \/ 45mm<br \/>\n&#8211; Ultra 49mm<br \/>\n&#8211; Series 10\/11: 42mm and 46mm\n<\/p>\n<h2>Un ajustement parfait pour votre poignet<\/h2>\n<p>Pour garantir un confort maximal, le bracelet ImpressBand est disponible en plusieurs tailles :<\/p>\n<p>\n<strong>M\/L<\/strong> - pour les poignets d'une circonf\u00e9rence de 150 \u00e0 200 mm\n<\/p>\n<h2>Silicone de haute qualit\u00e9 - durabilit\u00e9 et confort<\/h2>\n<p>Le bracelet est fabriqu\u00e9 en silicone souple et flexible, agr\u00e9able \u00e0 la peau et r\u00e9sistant \u00e0 l'usure quotidienne. Le mat\u00e9riau ne provoque pas d'irritation et r\u00e9siste \u00e0 l'humidit\u00e9 et \u00e0 la transpiration, ce qui le rend adapt\u00e9 au travail et aux activit\u00e9s physiques. Sa construction flexible garantit le confort, m\u00eame en cas de port prolong\u00e9.<\/p>\n<h2>Boucle classique et ajustement s\u00fbr<\/h2>\n<p>ImpressBand est dot\u00e9 d'une boucle r\u00e9glable classique qui permet un ajustement rapide et s\u00fbr au poignet. Le bracelet reste en place pendant les mouvements et assure une stabilit\u00e9 tout au long de la journ\u00e9e.<\/p>\n<h2>Un choix polyvalent pour toutes les occasions<\/h2>\n<p>Le bracelet ImpressBand en silicone est un accessoire pratique et \u00e9l\u00e9gant qui convient \u00e0 toutes les situations - utilisation quotidienne, entra\u00eenement, voyage ou travail. Il allie confort, durabilit\u00e9 et design moderne.<\/p>\n<p><strong>Choisissez ImpressBand et personnalisez votre Apple Watch pour qu'elle corresponde \u00e0 votre style et \u00e0 vos besoins quotidiens.<\/strong><\/p>","protected":false},"excerpt":{"rendered":"<p><strong>Apple Watch Ultra Series 3\/2\/1 Silicone Band 49mm &#8211; Deep Purple<\/strong> <\/p>\n<p>Le bracelet en silicone ImpressBand pour l'Apple Watch allie design moderne, confort et fonctionnalit\u00e9. Le silicone souple et flexible est doux pour la peau et offre un confort de port tout au long de la journ\u00e9e, m\u00eame en cas d'activit\u00e9 intense.<\/p>","protected":false},"featured_media":10701,"comment_status":"open","ping_status":"closed","template":"","meta":{"_acf_changed":false},"product_brand":[],"product_cat":[572,567,81],"product_tag":[],"class_list":{"0":"post-10675","1":"product","2":"type-product","3":"status-publish","4":"has-post-thumbnail","6":"product_cat-apple-watch-ultra-2-1-strap-49-mm","7":"product_cat-apple-watch-ultra-3-strap-49-mm","8":"product_cat-smartwatch-straps","9":"pa_color-deep-purple","10":"pa_fits-the-apple-watch-case-ultra-series-3-2-1-49mm","11":"pa_model-silicone-impressband-apple-watch","13":"first","14":"instock","15":"taxable","16":"shipping-taxable","17":"purchasable","18":"product-type-simple"},"acf":[],"_links":{"self":[{"href":"https:\/\/impresscase.com\/fr\/wp-json\/wp\/v2\/product\/10675","targetHints":{"allow":["GET"]}}],"collection":[{"href":"https:\/\/impresscase.com\/fr\/wp-json\/wp\/v2\/product"}],"about":[{"href":"https:\/\/impresscase.com\/fr\/wp-json\/wp\/v2\/types\/product"}],"replies":[{"embeddable":true,"href":"https:\/\/impresscase.com\/fr\/wp-json\/wp\/v2\/comments?post=10675"}],"wp:featuredmedia":[{"embeddable":true,"href":"https:\/\/impresscase.com\/fr\/wp-json\/wp\/v2\/media\/10701"}],"wp:attachment":[{"href":"https:\/\/impresscase.com\/fr\/wp-json\/wp\/v2\/media?parent=10675"}],"wp:term":[{"taxonomy":"product_brand","embeddable":true,"href":"https:\/\/impresscase.com\/fr\/wp-json\/wp\/v2\/product_brand?post=10675"},{"taxonomy":"product_cat","embeddable":true,"href":"https:\/\/impresscase.com\/fr\/wp-json\/wp\/v2\/product_cat?post=10675"},{"taxonomy":"product_tag","embeddable":true,"href":"https:\/\/impresscase.com\/fr\/wp-json\/wp\/v2\/product_tag?post=10675"}],"curies":[{"name":"wp","href":"https:\/\/api.w.org\/{rel}","templated":true}]}}